{"id":259,"date":"2020-01-29T17:01:40","date_gmt":"2020-01-29T16:01:40","guid":{"rendered":"http:\/\/www.lacharpenterienormande.fr\/?page_id=259"},"modified":"2020-02-05T11:27:52","modified_gmt":"2020-02-05T10:27:52","slug":"mentions-legales","status":"publish","type":"page","link":"https:\/\/www.lacharpenterienormande.fr\/index.php\/mentions-legales\/","title":{"rendered":"Mentions l\u00e9gales"},"content":{"rendered":"\n<p> Ce site est \u00e9dit\u00e9 et g\u00e9r\u00e9 par :<\/p>\n\n\n\n<h2 class=\"wp-block-heading\">LEMARI\u00c9 JAMES<\/h2>\n\n\n\n<p>7 rue des carri\u00e8res<br>27300 Plasnes<br>SIRET : 881 024 285 00010<br>APE \/ NAF : 4391A<br>TVA : En cours<br>T\u00e9l\u00e9phone : 06.48.77.43.65<br>Email : contact@lacharpenterienormande.fr<\/p>\n","protected":false},"excerpt":{"rendered":"<p>Ce site est \u00e9dit\u00e9 et g\u00e9r\u00e9 par : LEMARI\u00c9 JAMES 7 rue des carri\u00e8res27300 PlasnesSIRET : 881 024 285 00010APE \/ NAF : 4391ATVA : En coursT\u00e9l\u00e9phone : 06.48.77.43.65Email : contact@lacharpenterienormande.fr<\/p>\n","protected":false},"author":1,"featured_media":0,"parent":0,"menu_order":0,"comment_status":"closed","ping_status":"closed","template":"","meta":{"footnotes":""},"class_list":["post-259","page","type-page","status-publish","hentry"],"yoast_head":"<!-- This site is optimized with the Yoast SEO plugin v27.3 - https:\/\/yoast.com\/product\/yoast-seo-wordpress\/ -->\n<title>Mentions l\u00e9gales - La Charpenterie Normande<\/title>\n<meta name=\"robots\" content=\"index, follow, max-snippet:-1, max-image-preview:large, max-video-preview:-1\" \/>\n<link rel=\"canonical\" href=\"https:\/\/www.lacharpenterienormande.fr\/index.php\/mentions-legales\/\" \/>\n<meta property=\"og:locale\" content=\"fr_FR\" \/>\n<meta property=\"og:type\" content=\"article\" \/>\n<meta property=\"og:title\" content=\"Mentions l\u00e9gales - La Charpenterie Normande\" \/>\n<meta property=\"og:description\" content=\"Ce site est \u00e9dit\u00e9 et g\u00e9r\u00e9 par : LEMARI\u00c9 JAMES 7 rue des carri\u00e8res27300 PlasnesSIRET : 881 024 285 00010APE \/ NAF : 4391ATVA : En coursT\u00e9l\u00e9phone : 06.48.77.43.65Email : contact@lacharpenterienormande.fr\" \/>\n<meta property=\"og:url\" content=\"https:\/\/www.lacharpenterienormande.fr\/index.php\/mentions-legales\/\" \/>\n<meta property=\"og:site_name\" content=\"La Charpenterie Normande\" \/>\n<meta property=\"article:modified_time\" content=\"2020-02-05T10:27:52+00:00\" \/>\n<meta name=\"twitter:card\" content=\"summary_large_image\" \/>\n<script type=\"application\/ld+json\" class=\"yoast-schema-graph\">{\"@context\":\"https:\\\/\\\/schema.org\",\"@graph\":[{\"@type\":\"WebPage\",\"@id\":\"https:\\\/\\\/www.lacharpenterienormande.fr\\\/index.php\\\/mentions-legales\\\/\",\"url\":\"https:\\\/\\\/www.lacharpenterienormande.fr\\\/index.php\\\/mentions-legales\\\/\",\"name\":\"Mentions l\u00e9gales - La Charpenterie Normande\",\"isPartOf\":{\"@id\":\"https:\\\/\\\/www.lacharpenterienormande.fr\\\/#website\"},\"datePublished\":\"2020-01-29T16:01:40+00:00\",\"dateModified\":\"2020-02-05T10:27:52+00:00\",\"breadcrumb\":{\"@id\":\"https:\\\/\\\/www.lacharpenterienormande.fr\\\/index.php\\\/mentions-legales\\\/#breadcrumb\"},\"inLanguage\":\"fr-FR\",\"potentialAction\":[{\"@type\":\"ReadAction\",\"target\":[\"https:\\\/\\\/www.lacharpenterienormande.fr\\\/index.php\\\/mentions-legales\\\/\"]}]},{\"@type\":\"BreadcrumbList\",\"@id\":\"https:\\\/\\\/www.lacharpenterienormande.fr\\\/index.php\\\/mentions-legales\\\/#breadcrumb\",\"itemListElement\":[{\"@type\":\"ListItem\",\"position\":1,\"name\":\"Accueil\",\"item\":\"https:\\\/\\\/www.lacharpenterienormande.fr\\\/\"},{\"@type\":\"ListItem\",\"position\":2,\"name\":\"Mentions l\u00e9gales\"}]},{\"@type\":\"WebSite\",\"@id\":\"https:\\\/\\\/www.lacharpenterienormande.fr\\\/#website\",\"url\":\"https:\\\/\\\/www.lacharpenterienormande.fr\\\/\",\"name\":\"La Charpenterie Normande\",\"description\":\"L&#039;art du bois en Normandie\",\"potentialAction\":[{\"@type\":\"SearchAction\",\"target\":{\"@type\":\"EntryPoint\",\"urlTemplate\":\"https:\\\/\\\/www.lacharpenterienormande.fr\\\/?s={search_term_string}\"},\"query-input\":{\"@type\":\"PropertyValueSpecification\",\"valueRequired\":true,\"valueName\":\"search_term_string\"}}],\"inLanguage\":\"fr-FR\"}]}<\/script>\n<!-- \/ Yoast SEO plugin. -->","yoast_head_json":{"title":"Mentions l\u00e9gales - La Charpenterie Normande","robots":{"index":"index","follow":"follow","max-snippet":"max-snippet:-1","max-image-preview":"max-image-preview:large","max-video-preview":"max-video-preview:-1"},"canonical":"https:\/\/www.lacharpenterienormande.fr\/index.php\/mentions-legales\/","og_locale":"fr_FR","og_type":"article","og_title":"Mentions l\u00e9gales - La Charpenterie Normande","og_description":"Ce site est \u00e9dit\u00e9 et g\u00e9r\u00e9 par : LEMARI\u00c9 JAMES 7 rue des carri\u00e8res27300 PlasnesSIRET : 881 024 285 00010APE \/ NAF : 4391ATVA : En coursT\u00e9l\u00e9phone : 06.48.77.43.65Email : contact@lacharpenterienormande.fr","og_url":"https:\/\/www.lacharpenterienormande.fr\/index.php\/mentions-legales\/","og_site_name":"La Charpenterie Normande","article_modified_time":"2020-02-05T10:27:52+00:00","twitter_card":"summary_large_image","schema":{"@context":"https:\/\/schema.org","@graph":[{"@type":"WebPage","@id":"https:\/\/www.lacharpenterienormande.fr\/index.php\/mentions-legales\/","url":"https:\/\/www.lacharpenterienormande.fr\/index.php\/mentions-legales\/","name":"Mentions l\u00e9gales - La Charpenterie Normande","isPartOf":{"@id":"https:\/\/www.lacharpenterienormande.fr\/#website"},"datePublished":"2020-01-29T16:01:40+00:00","dateModified":"2020-02-05T10:27:52+00:00","breadcrumb":{"@id":"https:\/\/www.lacharpenterienormande.fr\/index.php\/mentions-legales\/#breadcrumb"},"inLanguage":"fr-FR","potentialAction":[{"@type":"ReadAction","target":["https:\/\/www.lacharpenterienormande.fr\/index.php\/mentions-legales\/"]}]},{"@type":"BreadcrumbList","@id":"https:\/\/www.lacharpenterienormande.fr\/index.php\/mentions-legales\/#breadcrumb","itemListElement":[{"@type":"ListItem","position":1,"name":"Accueil","item":"https:\/\/www.lacharpenterienormande.fr\/"},{"@type":"ListItem","position":2,"name":"Mentions l\u00e9gales"}]},{"@type":"WebSite","@id":"https:\/\/www.lacharpenterienormande.fr\/#website","url":"https:\/\/www.lacharpenterienormande.fr\/","name":"La Charpenterie Normande","description":"L&#039;art du bois en Normandie","potentialAction":[{"@type":"SearchAction","target":{"@type":"EntryPoint","urlTemplate":"https:\/\/www.lacharpenterienormande.fr\/?s={search_term_string}"},"query-input":{"@type":"PropertyValueSpecification","valueRequired":true,"valueName":"search_term_string"}}],"inLanguage":"fr-FR"}]}},"jetpack_sharing_enabled":true,"_links":{"self":[{"href":"https:\/\/www.lacharpenterienormande.fr\/index.php\/wp-json\/wp\/v2\/pages\/259","targetHints":{"allow":["GET"]}}],"collection":[{"href":"https:\/\/www.lacharpenterienormande.fr\/index.php\/wp-json\/wp\/v2\/pages"}],"about":[{"href":"https:\/\/www.lacharpenterienormande.fr\/index.php\/wp-json\/wp\/v2\/types\/page"}],"author":[{"embeddable":true,"href":"https:\/\/www.lacharpenterienormande.fr\/index.php\/wp-json\/wp\/v2\/users\/1"}],"replies":[{"embeddable":true,"href":"https:\/\/www.lacharpenterienormande.fr\/index.php\/wp-json\/wp\/v2\/comments?post=259"}],"version-history":[{"count":2,"href":"https:\/\/www.lacharpenterienormande.fr\/index.php\/wp-json\/wp\/v2\/pages\/259\/revisions"}],"predecessor-version":[{"id":266,"href":"https:\/\/www.lacharpenterienormande.fr\/index.php\/wp-json\/wp\/v2\/pages\/259\/revisions\/266"}],"wp:attachment":[{"href":"https:\/\/www.lacharpenterienormande.fr\/index.php\/wp-json\/wp\/v2\/media?parent=259"}],"curies":[{"name":"wp","href":"https:\/\/api.w.org\/{rel}","templated":true}]}}